{"id":172,"date":"2021-10-08T15:41:29","date_gmt":"2021-10-08T13:41:29","guid":{"rendered":"https:\/\/marcelweber.ch\/?page_id=172"},"modified":"2021-10-08T15:41:29","modified_gmt":"2021-10-08T13:41:29","slug":"technique","status":"publish","type":"page","link":"https:\/\/marcelweber.ch\/fr\/technique\/","title":{"rendered":"Technique"},"content":{"rendered":"<section class=\"l-section wpb_row height_medium\"><div class=\"l-section-h i-cf\"><div class=\"g-cols vc_row via_grid cols_2 laptops-cols_inherit tablets-cols_inherit mobiles-cols_1 valign_top type_default stacking_default\"><div class=\"wpb_column vc_column_container\"><div class=\"vc_column-inner\"><div class=\"w-image align_none\"><div class=\"w-image-h\"><img loading=\"lazy\" decoding=\"async\" width=\"800\" height=\"800\" src=\"https:\/\/marcelweber.ch\/wp-content\/uploads\/2021\/10\/technik-stilleben.jpg\" class=\"attachment-large size-large\" alt=\"\" srcset=\"https:\/\/marcelweber.ch\/wp-content\/uploads\/2021\/10\/technik-stilleben.jpg 800w, https:\/\/marcelweber.ch\/wp-content\/uploads\/2021\/10\/technik-stilleben-300x300.jpg 300w, https:\/\/marcelweber.ch\/wp-content\/uploads\/2021\/10\/technik-stilleben-150x150.jpg 150w\" sizes=\"auto, (max-width: 800px) 100vw, 800px\" \/><\/div><\/div><div class=\"w-separator size_small\"><\/div><div class=\"wpb_text_column\"><div class=\"wpb_wrapper\"><h1>Technique &#8211; nature morte<\/h1>\n<\/div><\/div><div class=\"wpb_text_column\"><div class=\"wpb_wrapper\"><p>Au d\u00e9but, il y a toujours une id\u00e9e de base inspiratrice. Je la suis et j&rsquo;essaie de la concr\u00e9tiser. Quand j&rsquo;arrive \u00e0 la conclusion qu&rsquo;elle vaut la peine de la peindre, j&rsquo;essaie de la repr\u00e9senter sur une sc\u00e8ne dans l&rsquo;atelier. Je s\u00e9lectionne les \u00e9l\u00e9ments et les couleurs et je mets les objets en relation mutuelle. Un bon \u00e9clairage est \u00e9galement tr\u00e8s important.<\/p>\n<p>Ensuite, je d\u00e9termine la taille du tableau et je d\u00e9termine la d\u00e9coupe \u00e0 l&rsquo;aide de quatre panneaux de contreplaqu\u00e9. Le support du tableau a exactement la m\u00eame dimension que la d\u00e9coupe. Logiquement, ce syst\u00e8me se traduit par une proportion exacte des objets.<\/p>\n<p>Lorsque je peins directement les natures mortes, je regarde la composition avec les deux yeux. Cela signifie que les deux yeux sont ouverts et non pas un \u0153il ferm\u00e9 comme d&rsquo;habitude. Alors je peins ce que je vois des deux yeux.<\/p>\n<\/div><\/div><div class=\"w-image align_none\"><div class=\"w-image-h\"><img loading=\"lazy\" decoding=\"async\" width=\"800\" height=\"500\" src=\"https:\/\/marcelweber.ch\/wp-content\/uploads\/2021\/10\/mw_atelier_making-of_matano_2020.11.jpg\" class=\"attachment-large size-large\" alt=\"\" srcset=\"https:\/\/marcelweber.ch\/wp-content\/uploads\/2021\/10\/mw_atelier_making-of_matano_2020.11.jpg 800w, https:\/\/marcelweber.ch\/wp-content\/uploads\/2021\/10\/mw_atelier_making-of_matano_2020.11-300x188.jpg 300w\" sizes=\"auto, (max-width: 800px) 100vw, 800px\" \/><\/div><\/div><div class=\"w-separator size_small\"><\/div><div class=\"wpb_text_column\"><div class=\"wpb_wrapper\"><p>Gr\u00e2ce \u00e0 ce syst\u00e8me de capture et de recr\u00e9ation&rsquo;binoculaire&rsquo; d&rsquo;une sc\u00e8ne, il en r\u00e9sulte des images plus profondes, plus vives et moins plates.<\/p>\n<p>Je peins mes tableaux par couches, c&rsquo;est-\u00e0-dire que la peinture est appliqu\u00e9e en plusieurs couches minces.<\/p>\n<\/div><\/div><\/div><\/div><div class=\"wpb_column vc_column_container\"><div class=\"vc_column-inner\"><div class=\"w-image align_none\"><div class=\"w-image-h\"><img loading=\"lazy\" decoding=\"async\" width=\"800\" height=\"800\" src=\"https:\/\/marcelweber.ch\/wp-content\/uploads\/2021\/10\/technik-ausserhalb-atelier.jpg\" class=\"attachment-large size-large\" alt=\"\" srcset=\"https:\/\/marcelweber.ch\/wp-content\/uploads\/2021\/10\/technik-ausserhalb-atelier.jpg 800w, https:\/\/marcelweber.ch\/wp-content\/uploads\/2021\/10\/technik-ausserhalb-atelier-300x300.jpg 300w, https:\/\/marcelweber.ch\/wp-content\/uploads\/2021\/10\/technik-ausserhalb-atelier-150x150.jpg 150w\" sizes=\"auto, (max-width: 800px) 100vw, 800px\" \/><\/div><\/div><div class=\"w-separator size_small\"><\/div><div class=\"wpb_text_column\"><div class=\"wpb_wrapper\"><h1>Technique &#8211; sc\u00e8nes en dehors de mon atelier<\/h1>\n<\/div><\/div><div class=\"wpb_text_column\"><div class=\"wpb_wrapper\"><p>Dans les sc\u00e8nes \u00e0 l&rsquo;ext\u00e9rieur de mon studio, mes propres photographies servent de point de d\u00e9part pour la composition du tableau. N\u00e9anmoins, mon but est de peindre, pas de faire une&rsquo;photocopie&rsquo; en peinture \u00e0 l&rsquo;huile. Par cons\u00e9quent, je change librement les objets, les positions et les couleurs, je r\u00e9duis ou j&rsquo;ajoute.<\/p>\n<p>Gr\u00e2ce au mod\u00e8le d&rsquo;image bidimensionnel, une esquisse exacte sur bois ou sur toile est tout \u00e0 fait r\u00e9alisable. La transformation en huile se fait \u00e9galement dans la peinture par couches.<\/p>\n<\/div><\/div><div class=\"wpb_text_column\"><div class=\"wpb_wrapper\"><h1>Technique de peinture Tromp l&rsquo;oeil<\/h1>\n<\/div><\/div><div class=\"wpb_text_column\"><div class=\"wpb_wrapper\"><p>Le trompe-l&rsquo;\u0153il est une technique de peinture tr\u00e8s ancienne qui utilise des images r\u00e9alistes pour cr\u00e9er l&rsquo;illusion optique que les objets repr\u00e9sent\u00e9s existent r\u00e9ellement en trois dimensions. Par le biais de la perspective d\u00e9lib\u00e9r\u00e9ment r\u00e9gl\u00e9e, de la coloration, des jeux d&rsquo;ombre et de lumi\u00e8re, j&rsquo;essaie de cr\u00e9er des effets optiques tels que la profondeur spatiale et la plasticit\u00e9 des objets et des corps. Traduit avec www.DeepL.com\/Translator (version gratuite)<\/p>\n<\/div><\/div><\/div><\/div><\/div><\/div><\/section>\n","protected":false},"excerpt":{"rendered":"","protected":false},"author":1,"featured_media":0,"parent":0,"menu_order":0,"comment_status":"closed","ping_status":"closed","template":"","meta":{"_seopress_robots_primary_cat":"","footnotes":""},"class_list":["post-172","page","type-page","status-publish","hentry"],"_links":{"self":[{"href":"https:\/\/marcelweber.ch\/fr\/wp-json\/wp\/v2\/pages\/172","targetHints":{"allow":["GET"]}}],"collection":[{"href":"https:\/\/marcelweber.ch\/fr\/wp-json\/wp\/v2\/pages"}],"about":[{"href":"https:\/\/marcelweber.ch\/fr\/wp-json\/wp\/v2\/types\/page"}],"author":[{"embeddable":true,"href":"https:\/\/marcelweber.ch\/fr\/wp-json\/wp\/v2\/users\/1"}],"replies":[{"embeddable":true,"href":"https:\/\/marcelweber.ch\/fr\/wp-json\/wp\/v2\/comments?post=172"}],"version-history":[{"count":2,"href":"https:\/\/marcelweber.ch\/fr\/wp-json\/wp\/v2\/pages\/172\/revisions"}],"predecessor-version":[{"id":174,"href":"https:\/\/marcelweber.ch\/fr\/wp-json\/wp\/v2\/pages\/172\/revisions\/174"}],"wp:attachment":[{"href":"https:\/\/marcelweber.ch\/fr\/wp-json\/wp\/v2\/media?parent=172"}],"curies":[{"name":"wp","href":"https:\/\/api.w.org\/{rel}","templated":true}]}}